{"id":220,"date":"2022-06-30T15:32:19","date_gmt":"2022-06-30T15:32:19","guid":{"rendered":"https:\/\/capacita.ulagos.cl\/ayuda\/?page_id=220"},"modified":"2023-01-27T13:07:56","modified_gmt":"2023-01-27T13:07:56","slug":"pagina9","status":"publish","type":"page","link":"https:\/\/capacita.ulagos.cl\/ayuda\/index.php\/pagina9\/","title":{"rendered":"8.- Como cerrar sesi\u00f3n"},"content":{"rendered":"\t\t<div data-elementor-type=\"wp-page\" data-elementor-id=\"220\" class=\"elementor elementor-220\">\n\t\t\t\t\t\t\t\t\t<section class=\"elementor-section elementor-top-section elementor-element elementor-element-acd32f4 elementor-section-full_width elementor-section-height-min-height Header2do elementor-section-height-default elementor-section-items-middle wpr-particle-no wpr-jarallax-no wpr-parallax-no wpr-sticky-section-no\" data-id=\"acd32f4\" data-element_type=\"section\">\n\t\t\t\t\t\t\t<div class=\"elementor-background-overlay\"><\/div>\n\t\t\t\t\t\t\t<div class=\"elementor-container elementor-column-gap-default\">\n\t\t\t\t\t<div class=\"elementor-column elementor-col-100 elementor-top-column elementor-element elementor-element-37d9d79\" data-id=\"37d9d79\" data-element_type=\"column\">\n\t\t\t<div class=\"elementor-widget-wrap elementor-element-populated\">\n\t\t\t\t\t\t\t\t<div class=\"elementor-element elementor-element-692a27e elementor-widget elementor-widget-heading\" data-id=\"692a27e\" data-element_type=\"widget\" data-widget_type=\"heading.default\">\n\t\t\t\t<div class=\"elementor-widget-container\">\n\t\t\t<style>\/*! elementor - v3.10.1 - 17-01-2023 *\/\n.elementor-heading-title{padding:0;margin:0;line-height:1}.elementor-widget-heading .elementor-heading-title[class*=elementor-size-]>a{color:inherit;font-size:inherit;line-height:inherit}.elementor-widget-heading .elementor-heading-title.elementor-size-small{font-size:15px}.elementor-widget-heading .elementor-heading-title.elementor-size-medium{font-size:19px}.elementor-widget-heading .elementor-heading-title.elementor-size-large{font-size:29px}.elementor-widget-heading .elementor-heading-title.elementor-size-xl{font-size:39px}.elementor-widget-heading .elementor-heading-title.elementor-size-xxl{font-size:59px}<\/style><h2 class=\"elementor-heading-title elementor-size-default\">Est\u00e1s en el centro de ayuda<br>\n\u00bfC\u00f3mo podemos ayudarte?<\/h2>\t\t<\/div>\n\t\t\t\t<\/div>\n\t\t\t\t\t<\/div>\n\t\t<\/div>\n\t\t\t\t\t\t\t<\/div>\n\t\t<\/section>\n\t\t\t\t<section class=\"elementor-section elementor-top-section elementor-element elementor-element-151d161 elementor-section-boxed elementor-section-height-default elementor-section-height-default wpr-particle-no wpr-jarallax-no wpr-parallax-no wpr-sticky-section-no\" data-id=\"151d161\" data-element_type=\"section\">\n\t\t\t\t\t\t<div class=\"elementor-container elementor-column-gap-default\">\n\t\t\t\t\t<div class=\"elementor-column elementor-col-33 elementor-top-column elementor-element elementor-element-023e9e6\" data-id=\"023e9e6\" data-element_type=\"column\">\n\t\t\t<div class=\"elementor-widget-wrap elementor-element-populated\">\n\t\t\t\t\t\t\t\t<section class=\"elementor-section elementor-inner-section elementor-element elementor-element-1c3fcb5 elementor-section-boxed elementor-section-height-default elementor-section-height-default wpr-particle-no wpr-jarallax-no wpr-parallax-no wpr-sticky-section-no\" data-id=\"1c3fcb5\" data-element_type=\"section\" data-settings=\"{&quot;background_background&quot;:&quot;classic&quot;}\">\n\t\t\t\t\t\t<div class=\"elementor-container elementor-column-gap-default\">\n\t\t\t\t\t<div class=\"elementor-column elementor-col-100 elementor-inner-column elementor-element elementor-element-620536f\" data-id=\"620536f\" data-element_type=\"column\">\n\t\t\t<div class=\"elementor-widget-wrap elementor-element-populated\">\n\t\t\t\t\t\t\t\t<div class=\"elementor-element elementor-element-55adedd elementor-widget elementor-widget-image\" data-id=\"55adedd\" data-element_type=\"widget\" data-widget_type=\"image.default\">\n\t\t\t\t<div class=\"elementor-widget-container\">\n\t\t\t<style>\/*! elementor - v3.10.1 - 17-01-2023 *\/\n.elementor-widget-image{text-align:center}.elementor-widget-image a{display:inline-block}.elementor-widget-image a img[src$=\".svg\"]{width:48px}.elementor-widget-image img{vertical-align:middle;display:inline-block}<\/style>\t\t\t\t\t\t\t\t\t\t\t\t\t<a href=\"https:\/\/capacita.ulagos.cl\/ayuda\/\">\n\t\t\t\t\t\t\t<img loading=\"lazy\" decoding=\"async\" width=\"1024\" height=\"355\" src=\"https:\/\/capacita.ulagos.cl\/ayuda\/wp-content\/uploads\/2022\/08\/Centro-de-Ayuda-05-1024x355.png\" class=\"attachment-large size-large wp-image-1125\" alt=\"\" srcset=\"https:\/\/capacita.ulagos.cl\/ayuda\/wp-content\/uploads\/2022\/08\/Centro-de-Ayuda-05-1024x355.png 1024w, https:\/\/capacita.ulagos.cl\/ayuda\/wp-content\/uploads\/2022\/08\/Centro-de-Ayuda-05-300x104.png 300w, https:\/\/capacita.ulagos.cl\/ayuda\/wp-content\/uploads\/2022\/08\/Centro-de-Ayuda-05-420x146.png 420w, https:\/\/capacita.ulagos.cl\/ayuda\/wp-content\/uploads\/2022\/08\/Centro-de-Ayuda-05-540x187.png 540w, https:\/\/capacita.ulagos.cl\/ayuda\/wp-content\/uploads\/2022\/08\/Centro-de-Ayuda-05-780x271.png 780w, https:\/\/capacita.ulagos.cl\/ayuda\/wp-content\/uploads\/2022\/08\/Centro-de-Ayuda-05.png 1136w, https:\/\/capacita.ulagos.cl\/ayuda\/wp-content\/uploads\/2022\/08\/Centro-de-Ayuda-05-150x52.png 150w, https:\/\/capacita.ulagos.cl\/ayuda\/wp-content\/uploads\/2022\/08\/Centro-de-Ayuda-05-370x128.png 370w\" sizes=\"auto, (max-width: 1024px) 100vw, 1024px\" \/>\t\t\t\t\t\t\t\t<\/a>\n\t\t\t\t\t\t\t\t\t\t\t\t\t\t\t<\/div>\n\t\t\t\t<\/div>\n\t\t\t\t\t<\/div>\n\t\t<\/div>\n\t\t\t\t\t\t\t<\/div>\n\t\t<\/section>\n\t\t\t\t<section class=\"elementor-section elementor-inner-section elementor-element elementor-element-aa236e3 elementor-section-boxed elementor-section-height-default elementor-section-height-default wpr-particle-no wpr-jarallax-no wpr-parallax-no wpr-sticky-section-no\" data-id=\"aa236e3\" data-element_type=\"section\" data-settings=\"{&quot;background_background&quot;:&quot;classic&quot;}\">\n\t\t\t\t\t\t<div class=\"elementor-container elementor-column-gap-default\">\n\t\t\t\t\t<div class=\"elementor-column elementor-col-100 elementor-inner-column elementor-element elementor-element-feb556c\" data-id=\"feb556c\" data-element_type=\"column\">\n\t\t\t<div class=\"elementor-widget-wrap elementor-element-populated\">\n\t\t\t\t\t\t\t\t<div class=\"elementor-element elementor-element-380db5e elementor-widget__width-initial elementor-widget elementor-widget-heading\" data-id=\"380db5e\" data-element_type=\"widget\" data-widget_type=\"heading.default\">\n\t\t\t\t<div class=\"elementor-widget-container\">\n\t\t\t<h3 class=\"elementor-heading-title elementor-size-default\">Temas<\/h3>\t\t<\/div>\n\t\t\t\t<\/div>\n\t\t\t\t<div class=\"elementor-element elementor-element-1322321 elementor-widget elementor-widget-eael-adv-accordion\" data-id=\"1322321\" data-element_type=\"widget\" data-widget_type=\"eael-adv-accordion.default\">\n\t\t\t\t<div class=\"elementor-widget-container\">\n\t\t\t        <div class=\"eael-adv-accordion\" id=\"eael-adv-accordion-1322321\" data-accordion-id=\"1322321\" data-accordion-type=\"accordion\" data-toogle-speed=\"300\">\n    <div class=\"eael-accordion-list\">\n                <div id=\"acceso-a-plataforma\" class=\"elementor-tab-title eael-accordion-header\" tabindex=\"2001\" data-tab=\"1\" role=\"tab\" aria-controls=\"elementor-tab-content-2001\"><span class=\"eael-accordion-tab-title\">Acceso a plataforma<\/span><i aria-hidden=\"true\" class=\"fa-toggle fas fa-chevron-down\"><\/i><\/div><div id=\"elementor-tab-content-2001\" class=\"eael-accordion-content clearfix\" data-tab=\"1\" role=\"tabpanel\" aria-labelledby=\"acceso-a-plataforma\"><p><ul style=\"font-size: 14px; font-family: Open Sans; list-style: none; text-decoration: none;\">\n \t<li><a style=\"color: #0055b7;\" href=\"https:\/\/capacita.ulagos.cl\/ayuda\/index.php\/pagina1\/\">1.-Ingresar al \u00e1rea personal<\/a><\/li>\n \t<li><a style=\"color: #0055b7;\" href=\"https:\/\/capacita.ulagos.cl\/ayuda\/index.php\/pagina2\/\">2.-Ingresar al Curso<\/a><\/li>\n \t<li><a style=\"color: #0055b7;\" href=\"https:\/\/capacita.ulagos.cl\/ayuda\/index.php\/pagina3\/\">3.-Recuperar contrase\u00f1a<\/a><\/li>\n<\/ul><\/p><\/div>\n                <\/div><div class=\"eael-accordion-list\">\n                <div id=\"navegacin-en-tu-curso\" class=\"elementor-tab-title eael-accordion-header active-default\" tabindex=\"2002\" data-tab=\"2\" role=\"tab\" aria-controls=\"elementor-tab-content-2002\"><span class=\"eael-accordion-tab-title\">Navegaci\u00f3n en tu curso<\/span><i aria-hidden=\"true\" class=\"fa-toggle fas fa-chevron-down\"><\/i><\/div><div id=\"elementor-tab-content-2002\" class=\"eael-accordion-content clearfix active-default\" data-tab=\"2\" role=\"tabpanel\" aria-labelledby=\"navegacin-en-tu-curso\"><p><ul style=\"font-size: 14px; font-family: Open Sans; list-style: none; text-decoration: none;\">\n \t<li><a style=\"color: #0055b7;\" href=\"https:\/\/capacita.ulagos.cl\/ayuda\/index.php\/pagina5\/\">4.-Men\u00fa lateral<\/a><\/li>\n \t<li><a style=\"color: #0055b7;\" href=\"https:\/\/capacita.ulagos.cl\/ayuda\/index.php\/pagina6\/\">5.-Inicia aqu\u00ed tu aprendizaje<\/a><\/li>\n \t<li><a style=\"color: #0055b7;\" href=\"https:\/\/capacita.ulagos.cl\/ayuda\/index.php\/pagina7\/\">6.-Restricciones de m\u00f3dulo<\/a><\/li>\n \t<li><a style=\"color: #0055b7;\" href=\"https:\/\/capacita.ulagos.cl\/ayuda\/index.php\/pagina8\/\">7.-Actualizar perfil de usuario<\/a><\/li>\n \t<li><a style=\"color: #0055b7;\" href=\"https:\/\/capacita.ulagos.cl\/ayuda\/index.php\/pagina9\/\">8.-Como cerrar sesi\u00f3n<\/a><\/li>\n<\/ul><\/p><\/div>\n                <\/div><\/div>\n        <!-- FAQ Schema : Starts-->\n                <!-- FAQ Schema : Ends-->\n\n        \t\t<\/div>\n\t\t\t\t<\/div>\n\t\t\t\t\t<\/div>\n\t\t<\/div>\n\t\t\t\t\t\t\t<\/div>\n\t\t<\/section>\n\t\t\t\t\t<\/div>\n\t\t<\/div>\n\t\t\t\t<div class=\"elementor-column elementor-col-66 elementor-top-column elementor-element elementor-element-6e79521\" data-id=\"6e79521\" data-element_type=\"column\">\n\t\t\t<div class=\"elementor-widget-wrap elementor-element-populated\">\n\t\t\t\t\t\t\t\t<section class=\"elementor-section elementor-inner-section elementor-element elementor-element-2a22a8c elementor-section-boxed elementor-section-height-default elementor-section-height-default wpr-particle-no wpr-jarallax-no wpr-parallax-no wpr-sticky-section-no\" data-id=\"2a22a8c\" data-element_type=\"section\" data-settings=\"{&quot;background_background&quot;:&quot;classic&quot;}\">\n\t\t\t\t\t\t<div class=\"elementor-container elementor-column-gap-default\">\n\t\t\t\t\t<div class=\"elementor-column elementor-col-100 elementor-inner-column elementor-element elementor-element-7b5bc4d\" data-id=\"7b5bc4d\" data-element_type=\"column\">\n\t\t\t<div class=\"elementor-widget-wrap elementor-element-populated\">\n\t\t\t\t\t\t\t\t<div class=\"elementor-element elementor-element-eedcc19 elementor-widget elementor-widget-text-editor\" data-id=\"eedcc19\" data-element_type=\"widget\" data-widget_type=\"text-editor.default\">\n\t\t\t\t<div class=\"elementor-widget-container\">\n\t\t\t<style>\/*! elementor - v3.10.1 - 17-01-2023 *\/\n.elementor-widget-text-editor.elementor-drop-cap-view-stacked .elementor-drop-cap{background-color:#818a91;color:#fff}.elementor-widget-text-editor.elementor-drop-cap-view-framed .elementor-drop-cap{color:#818a91;border:3px solid;background-color:transparent}.elementor-widget-text-editor:not(.elementor-drop-cap-view-default) .elementor-drop-cap{margin-top:8px}.elementor-widget-text-editor:not(.elementor-drop-cap-view-default) .elementor-drop-cap-letter{width:1em;height:1em}.elementor-widget-text-editor .elementor-drop-cap{float:left;text-align:center;line-height:1;font-size:50px}.elementor-widget-text-editor .elementor-drop-cap-letter{display:inline-block}<\/style>\t\t\t\t<p style=\"text-align: justify;\">Bienvenido al centro de ayuda de la plataforma de Formaci\u00f3n Continua ULagos, ac\u00e1 podr\u00e1s encotrar una variedad de recursos para mejorar la navegaci\u00f3n en el programa que est\u00e1s cursando. Si necesitas m\u00e1s ayuda puedes contactarte con nosotros v\u00eda soporte.<\/p>\n\n\t\t\t\t\t\t<\/div>\n\t\t\t\t<\/div>\n\t\t\t\t\t<\/div>\n\t\t<\/div>\n\t\t\t\t\t\t\t<\/div>\n\t\t<\/section>\n\t\t\t\t<section class=\"elementor-section elementor-inner-section elementor-element elementor-element-a0da475 elementor-section-boxed elementor-section-height-default elementor-section-height-default wpr-particle-no wpr-jarallax-no wpr-parallax-no wpr-sticky-section-no\" data-id=\"a0da475\" data-element_type=\"section\" data-settings=\"{&quot;background_background&quot;:&quot;classic&quot;}\">\n\t\t\t\t\t\t\t<div class=\"elementor-background-overlay\"><\/div>\n\t\t\t\t\t\t\t<div class=\"elementor-container elementor-column-gap-default\">\n\t\t\t\t\t<div class=\"elementor-column elementor-col-100 elementor-inner-column elementor-element elementor-element-802123d\" data-id=\"802123d\" data-element_type=\"column\">\n\t\t\t<div class=\"elementor-widget-wrap elementor-element-populated\">\n\t\t\t\t\t\t\t\t<div class=\"elementor-element elementor-element-37daf5c elementor-widget elementor-widget-heading\" data-id=\"37daf5c\" data-element_type=\"widget\" data-widget_type=\"heading.default\">\n\t\t\t\t<div class=\"elementor-widget-container\">\n\t\t\t<h3 class=\"elementor-heading-title elementor-size-default\">8.- Como cerrar sesi\u00f3n<\/h3>\t\t<\/div>\n\t\t\t\t<\/div>\n\t\t\t\t<div class=\"elementor-element elementor-element-ea18827 elementor-widget elementor-widget-heading\" data-id=\"ea18827\" data-element_type=\"widget\" data-widget_type=\"heading.default\">\n\t\t\t\t<div class=\"elementor-widget-container\">\n\t\t\t<h3 class=\"elementor-heading-title elementor-size-default\">En este video ver\u00e1s como cerrar la sesi\u00f3n en plataforma.\u200b<\/h3>\t\t<\/div>\n\t\t\t\t<\/div>\n\t\t\t\t<div class=\"elementor-element elementor-element-267a8e3 elementor-aspect-ratio-169 elementor-widget elementor-widget-video\" data-id=\"267a8e3\" data-element_type=\"widget\" data-settings=\"{&quot;video_type&quot;:&quot;vimeo&quot;,&quot;aspect_ratio&quot;:&quot;169&quot;}\" data-widget_type=\"video.default\">\n\t\t\t\t<div class=\"elementor-widget-container\">\n\t\t\t<style>\/*! elementor - v3.10.1 - 17-01-2023 *\/\n.elementor-widget-video .elementor-widget-container{overflow:hidden;transform:translateZ(0)}.elementor-widget-video .elementor-open-inline .elementor-custom-embed-image-overlay{position:absolute;top:0;left:0;width:100%;height:100%;background-size:cover;background-position:50%}.elementor-widget-video .elementor-custom-embed-image-overlay{cursor:pointer;text-align:center}.elementor-widget-video .elementor-custom-embed-image-overlay:hover .elementor-custom-embed-play i{opacity:1}.elementor-widget-video .elementor-custom-embed-image-overlay img{display:block;width:100%}.elementor-widget-video .e-hosted-video .elementor-video{-o-object-fit:cover;object-fit:cover}.e-con-inner>.elementor-widget-video,.e-con>.elementor-widget-video{width:var(--container-widget-width);--flex-grow:var(--container-widget-flex-grow)}<\/style>\t\t<div class=\"elementor-wrapper elementor-fit-aspect-ratio elementor-open-inline\">\n\t\t\t<iframe class=\"elementor-video-iframe\" allowfullscreen title=\"Reproductor de v\u00eddeo vimeo\" src=\"https:\/\/player.vimeo.com\/video\/723098027?color&amp;autopause=0&amp;loop=0&amp;muted=0&amp;title=1&amp;portrait=1&amp;byline=1&amp;h=4fdb189b47#t=\"><\/iframe>\t\t<\/div>\n\t\t\t\t<\/div>\n\t\t\t\t<\/div>\n\t\t\t\t\t<\/div>\n\t\t<\/div>\n\t\t\t\t\t\t\t<\/div>\n\t\t<\/section>\n\t\t\t\t\t<\/div>\n\t\t<\/div>\n\t\t\t\t\t\t\t<\/div>\n\t\t<\/section>\n\t\t\t\t\t\t\t<\/div>\n\t\t","protected":false},"excerpt":{"rendered":"<p>Est\u00e1s en el centro de ayuda \u00bfC\u00f3mo podemos ayudarte? Temas Acceso a plataforma 1.-Ingresar al \u00e1rea personal 2.-Ingresar al Curso&nbsp;<a href=\"https:\/\/capacita.ulagos.cl\/ayuda\/index.php\/pagina9\/\">&hellip;<\/a><\/p>\n","protected":false},"author":1,"featured_media":0,"parent":0,"menu_order":0,"comment_status":"closed","ping_status":"closed","template":"template-fullwidth-no-container-no-title.php","meta":{"footnotes":""},"class_list":["post-220","page","type-page","status-publish","hentry","odd"],"_links":{"self":[{"href":"https:\/\/capacita.ulagos.cl\/ayuda\/index.php\/wp-json\/wp\/v2\/pages\/220","targetHints":{"allow":["GET"]}}],"collection":[{"href":"https:\/\/capacita.ulagos.cl\/ayuda\/index.php\/wp-json\/wp\/v2\/pages"}],"about":[{"href":"https:\/\/capacita.ulagos.cl\/ayuda\/index.php\/wp-json\/wp\/v2\/types\/page"}],"author":[{"embeddable":true,"href":"https:\/\/capacita.ulagos.cl\/ayuda\/index.php\/wp-json\/wp\/v2\/users\/1"}],"replies":[{"embeddable":true,"href":"https:\/\/capacita.ulagos.cl\/ayuda\/index.php\/wp-json\/wp\/v2\/comments?post=220"}],"version-history":[{"count":40,"href":"https:\/\/capacita.ulagos.cl\/ayuda\/index.php\/wp-json\/wp\/v2\/pages\/220\/revisions"}],"predecessor-version":[{"id":1324,"href":"https:\/\/capacita.ulagos.cl\/ayuda\/index.php\/wp-json\/wp\/v2\/pages\/220\/revisions\/1324"}],"wp:attachment":[{"href":"https:\/\/capacita.ulagos.cl\/ayuda\/index.php\/wp-json\/wp\/v2\/media?parent=220"}],"curies":[{"name":"wp","href":"https:\/\/api.w.org\/{rel}","templated":true}]}}