{"id":183,"date":"2022-06-30T14:36:53","date_gmt":"2022-06-30T14:36:53","guid":{"rendered":"https:\/\/capacita.ulagos.cl\/ayuda\/?page_id=183"},"modified":"2023-01-27T13:03:41","modified_gmt":"2023-01-27T13:03:41","slug":"pagina5","status":"publish","type":"page","link":"https:\/\/capacita.ulagos.cl\/ayuda\/index.php\/pagina5\/","title":{"rendered":"4.-Men\u00fa lateral"},"content":{"rendered":"\t\t<div data-elementor-type=\"wp-page\" data-elementor-id=\"183\" class=\"elementor elementor-183\">\n\t\t\t\t\t\t\t\t\t<section class=\"elementor-section elementor-top-section elementor-element elementor-element-522e2ef elementor-section-full_width elementor-section-height-min-height Header2do elementor-section-height-default elementor-section-items-middle wpr-particle-no wpr-jarallax-no wpr-parallax-no wpr-sticky-section-no\" data-id=\"522e2ef\" data-element_type=\"section\">\n\t\t\t\t\t\t\t<div class=\"elementor-background-overlay\"><\/div>\n\t\t\t\t\t\t\t<div class=\"elementor-container elementor-column-gap-default\">\n\t\t\t\t\t<div class=\"elementor-column elementor-col-100 elementor-top-column elementor-element elementor-element-98ff3d5\" data-id=\"98ff3d5\" data-element_type=\"column\">\n\t\t\t<div class=\"elementor-widget-wrap elementor-element-populated\">\n\t\t\t\t\t\t\t\t<div class=\"elementor-element elementor-element-da1b03e elementor-widget elementor-widget-heading\" data-id=\"da1b03e\" data-element_type=\"widget\" data-widget_type=\"heading.default\">\n\t\t\t\t<div class=\"elementor-widget-container\">\n\t\t\t<style>\/*! elementor - v3.10.1 - 17-01-2023 *\/\n.elementor-heading-title{padding:0;margin:0;line-height:1}.elementor-widget-heading .elementor-heading-title[class*=elementor-size-]>a{color:inherit;font-size:inherit;line-height:inherit}.elementor-widget-heading .elementor-heading-title.elementor-size-small{font-size:15px}.elementor-widget-heading .elementor-heading-title.elementor-size-medium{font-size:19px}.elementor-widget-heading .elementor-heading-title.elementor-size-large{font-size:29px}.elementor-widget-heading .elementor-heading-title.elementor-size-xl{font-size:39px}.elementor-widget-heading .elementor-heading-title.elementor-size-xxl{font-size:59px}<\/style><h2 class=\"elementor-heading-title elementor-size-default\">Est\u00e1s en el centro de ayuda<br>\n\u00bfC\u00f3mo podemos ayudarte?<\/h2>\t\t<\/div>\n\t\t\t\t<\/div>\n\t\t\t\t\t<\/div>\n\t\t<\/div>\n\t\t\t\t\t\t\t<\/div>\n\t\t<\/section>\n\t\t\t\t<section class=\"elementor-section elementor-top-section elementor-element elementor-element-d1494ce elementor-section-boxed elementor-section-height-default elementor-section-height-default wpr-particle-no wpr-jarallax-no wpr-parallax-no wpr-sticky-section-no\" data-id=\"d1494ce\" data-element_type=\"section\">\n\t\t\t\t\t\t<div class=\"elementor-container elementor-column-gap-default\">\n\t\t\t\t\t<div class=\"elementor-column elementor-col-33 elementor-top-column elementor-element elementor-element-c7e509d\" data-id=\"c7e509d\" data-element_type=\"column\">\n\t\t\t<div class=\"elementor-widget-wrap elementor-element-populated\">\n\t\t\t\t\t\t\t\t<section class=\"elementor-section elementor-inner-section elementor-element elementor-element-0426538 elementor-section-boxed elementor-section-height-default elementor-section-height-default wpr-particle-no wpr-jarallax-no wpr-parallax-no wpr-sticky-section-no\" data-id=\"0426538\" data-element_type=\"section\" data-settings=\"{&quot;background_background&quot;:&quot;classic&quot;}\">\n\t\t\t\t\t\t<div class=\"elementor-container elementor-column-gap-default\">\n\t\t\t\t\t<div class=\"elementor-column elementor-col-100 elementor-inner-column elementor-element elementor-element-0ad6651\" data-id=\"0ad6651\" data-element_type=\"column\">\n\t\t\t<div class=\"elementor-widget-wrap elementor-element-populated\">\n\t\t\t\t\t\t\t\t<div class=\"elementor-element elementor-element-53b01b5 elementor-widget elementor-widget-image\" data-id=\"53b01b5\" data-element_type=\"widget\" data-widget_type=\"image.default\">\n\t\t\t\t<div class=\"elementor-widget-container\">\n\t\t\t<style>\/*! elementor - v3.10.1 - 17-01-2023 *\/\n.elementor-widget-image{text-align:center}.elementor-widget-image a{display:inline-block}.elementor-widget-image a img[src$=\".svg\"]{width:48px}.elementor-widget-image img{vertical-align:middle;display:inline-block}<\/style>\t\t\t\t\t\t\t\t\t\t\t\t\t<a href=\"https:\/\/capacita.ulagos.cl\/ayuda\/\">\n\t\t\t\t\t\t\t<img loading=\"lazy\" decoding=\"async\" width=\"1024\" height=\"355\" src=\"https:\/\/capacita.ulagos.cl\/ayuda\/wp-content\/uploads\/2022\/08\/Centro-de-Ayuda-05-1024x355.png\" class=\"attachment-large size-large wp-image-1125\" alt=\"\" srcset=\"https:\/\/capacita.ulagos.cl\/ayuda\/wp-content\/uploads\/2022\/08\/Centro-de-Ayuda-05-1024x355.png 1024w, https:\/\/capacita.ulagos.cl\/ayuda\/wp-content\/uploads\/2022\/08\/Centro-de-Ayuda-05-300x104.png 300w, https:\/\/capacita.ulagos.cl\/ayuda\/wp-content\/uploads\/2022\/08\/Centro-de-Ayuda-05-420x146.png 420w, https:\/\/capacita.ulagos.cl\/ayuda\/wp-content\/uploads\/2022\/08\/Centro-de-Ayuda-05-540x187.png 540w, https:\/\/capacita.ulagos.cl\/ayuda\/wp-content\/uploads\/2022\/08\/Centro-de-Ayuda-05-780x271.png 780w, https:\/\/capacita.ulagos.cl\/ayuda\/wp-content\/uploads\/2022\/08\/Centro-de-Ayuda-05.png 1136w, https:\/\/capacita.ulagos.cl\/ayuda\/wp-content\/uploads\/2022\/08\/Centro-de-Ayuda-05-150x52.png 150w, https:\/\/capacita.ulagos.cl\/ayuda\/wp-content\/uploads\/2022\/08\/Centro-de-Ayuda-05-370x128.png 370w\" sizes=\"auto, (max-width: 1024px) 100vw, 1024px\" \/>\t\t\t\t\t\t\t\t<\/a>\n\t\t\t\t\t\t\t\t\t\t\t\t\t\t\t<\/div>\n\t\t\t\t<\/div>\n\t\t\t\t\t<\/div>\n\t\t<\/div>\n\t\t\t\t\t\t\t<\/div>\n\t\t<\/section>\n\t\t\t\t<section class=\"elementor-section elementor-inner-section elementor-element elementor-element-0303953 elementor-section-boxed elementor-section-height-default elementor-section-height-default wpr-particle-no wpr-jarallax-no wpr-parallax-no wpr-sticky-section-no\" data-id=\"0303953\" data-element_type=\"section\" data-settings=\"{&quot;background_background&quot;:&quot;classic&quot;}\">\n\t\t\t\t\t\t<div class=\"elementor-container elementor-column-gap-default\">\n\t\t\t\t\t<div class=\"elementor-column elementor-col-100 elementor-inner-column elementor-element elementor-element-389906a\" data-id=\"389906a\" data-element_type=\"column\">\n\t\t\t<div class=\"elementor-widget-wrap elementor-element-populated\">\n\t\t\t\t\t\t\t\t<div class=\"elementor-element elementor-element-172b017 elementor-widget__width-initial elementor-widget elementor-widget-heading\" data-id=\"172b017\" data-element_type=\"widget\" data-widget_type=\"heading.default\">\n\t\t\t\t<div class=\"elementor-widget-container\">\n\t\t\t<h3 class=\"elementor-heading-title elementor-size-default\">Temas<\/h3>\t\t<\/div>\n\t\t\t\t<\/div>\n\t\t\t\t<div class=\"elementor-element elementor-element-c8c0078 elementor-widget elementor-widget-eael-adv-accordion\" data-id=\"c8c0078\" data-element_type=\"widget\" data-widget_type=\"eael-adv-accordion.default\">\n\t\t\t\t<div class=\"elementor-widget-container\">\n\t\t\t        <div class=\"eael-adv-accordion\" id=\"eael-adv-accordion-c8c0078\" data-accordion-id=\"c8c0078\" data-accordion-type=\"accordion\" data-toogle-speed=\"300\">\n    <div class=\"eael-accordion-list\">\n                <div id=\"acceso-a-plataforma\" class=\"elementor-tab-title eael-accordion-header\" tabindex=\"2101\" data-tab=\"1\" role=\"tab\" aria-controls=\"elementor-tab-content-2101\"><span class=\"eael-accordion-tab-title\">Acceso a plataforma<\/span><i aria-hidden=\"true\" class=\"fa-toggle fas fa-chevron-down\"><\/i><\/div><div id=\"elementor-tab-content-2101\" class=\"eael-accordion-content clearfix\" data-tab=\"1\" role=\"tabpanel\" aria-labelledby=\"acceso-a-plataforma\"><p><ul style=\"font-size: 14px; font-family: Open Sans; list-style: none; text-decoration: none;\">\n \t<li><a style=\"color: #0055b7;\" href=\"https:\/\/capacita.ulagos.cl\/ayuda\/index.php\/pagina1\/\">1.-Ingresar al \u00e1rea personal<\/a><\/li>\n \t<li><a style=\"color: #0055b7;\" href=\"https:\/\/capacita.ulagos.cl\/ayuda\/index.php\/pagina2\/\">2.-Ingresar al Curso<\/a><\/li>\n \t<li><a style=\"color: #0055b7;\" href=\"https:\/\/capacita.ulagos.cl\/ayuda\/index.php\/pagina3\/\">3.-Recuperar contrase\u00f1a<\/a><\/li>\n<\/ul><\/p><\/div>\n                <\/div><div class=\"eael-accordion-list\">\n                <div id=\"navegacin-en-tu-curso\" class=\"elementor-tab-title eael-accordion-header active-default\" tabindex=\"2102\" data-tab=\"2\" role=\"tab\" aria-controls=\"elementor-tab-content-2102\"><span class=\"eael-accordion-tab-title\">Navegaci\u00f3n en tu curso<\/span><i aria-hidden=\"true\" class=\"fa-toggle fas fa-chevron-down\"><\/i><\/div><div id=\"elementor-tab-content-2102\" class=\"eael-accordion-content clearfix active-default\" data-tab=\"2\" role=\"tabpanel\" aria-labelledby=\"navegacin-en-tu-curso\"><p><ul style=\"font-size: 14px; font-family: Open Sans; list-style: none; text-decoration: none;\">\n \t<li><a style=\"color: #0055b7;\" href=\"https:\/\/capacita.ulagos.cl\/ayuda\/index.php\/pagina5\/\">4.-Men\u00fa lateral<\/a><\/li>\n \t<li><a style=\"color: #0055b7;\" href=\"https:\/\/capacita.ulagos.cl\/ayuda\/index.php\/pagina6\/\">5.-Inicia aqu\u00ed tu aprendizaje<\/a><\/li>\n \t<li><a style=\"color: #0055b7;\" href=\"https:\/\/capacita.ulagos.cl\/ayuda\/index.php\/pagina7\/\">6.-Restricciones de m\u00f3dulo<\/a><\/li>\n \t<li><a style=\"color: #0055b7;\" href=\"https:\/\/capacita.ulagos.cl\/ayuda\/index.php\/pagina8\/\">7.-Actualizar perfil de usuario<\/a><\/li>\n \t<li><a style=\"color: #0055b7;\" href=\"https:\/\/capacita.ulagos.cl\/ayuda\/index.php\/pagina9\/\">8.-Como cerrar sesi\u00f3n<\/a><\/li>\n<\/ul><\/p><\/div>\n                <\/div><\/div>\n        <!-- FAQ Schema : Starts-->\n                <!-- FAQ Schema : Ends-->\n\n        \t\t<\/div>\n\t\t\t\t<\/div>\n\t\t\t\t\t<\/div>\n\t\t<\/div>\n\t\t\t\t\t\t\t<\/div>\n\t\t<\/section>\n\t\t\t\t\t<\/div>\n\t\t<\/div>\n\t\t\t\t<div class=\"elementor-column elementor-col-66 elementor-top-column elementor-element elementor-element-e5c452d\" data-id=\"e5c452d\" data-element_type=\"column\">\n\t\t\t<div class=\"elementor-widget-wrap elementor-element-populated\">\n\t\t\t\t\t\t\t\t<section class=\"elementor-section elementor-inner-section elementor-element elementor-element-9fdca44 elementor-section-boxed elementor-section-height-default elementor-section-height-default wpr-particle-no wpr-jarallax-no wpr-parallax-no wpr-sticky-section-no\" data-id=\"9fdca44\" data-element_type=\"section\" data-settings=\"{&quot;background_background&quot;:&quot;classic&quot;}\">\n\t\t\t\t\t\t<div class=\"elementor-container elementor-column-gap-default\">\n\t\t\t\t\t<div class=\"elementor-column elementor-col-100 elementor-inner-column elementor-element elementor-element-297fbff\" data-id=\"297fbff\" data-element_type=\"column\">\n\t\t\t<div class=\"elementor-widget-wrap elementor-element-populated\">\n\t\t\t\t\t\t\t\t<div class=\"elementor-element elementor-element-a3fa904 elementor-widget elementor-widget-text-editor\" data-id=\"a3fa904\" data-element_type=\"widget\" data-widget_type=\"text-editor.default\">\n\t\t\t\t<div class=\"elementor-widget-container\">\n\t\t\t<style>\/*! elementor - v3.10.1 - 17-01-2023 *\/\n.elementor-widget-text-editor.elementor-drop-cap-view-stacked .elementor-drop-cap{background-color:#818a91;color:#fff}.elementor-widget-text-editor.elementor-drop-cap-view-framed .elementor-drop-cap{color:#818a91;border:3px solid;background-color:transparent}.elementor-widget-text-editor:not(.elementor-drop-cap-view-default) .elementor-drop-cap{margin-top:8px}.elementor-widget-text-editor:not(.elementor-drop-cap-view-default) .elementor-drop-cap-letter{width:1em;height:1em}.elementor-widget-text-editor .elementor-drop-cap{float:left;text-align:center;line-height:1;font-size:50px}.elementor-widget-text-editor .elementor-drop-cap-letter{display:inline-block}<\/style>\t\t\t\t<p style=\"text-align: justify;\">Bienvenido al centro de ayuda de la plataforma de Formaci\u00f3n Continua ULagos, ac\u00e1 podr\u00e1s encotrar una variedad de recursos para mejorar la navegaci\u00f3n en el programa que est\u00e1s cursando. Si necesitas m\u00e1s ayuda puedes contactarte con nosotros v\u00eda soporte.<\/p>\n\n\t\t\t\t\t\t<\/div>\n\t\t\t\t<\/div>\n\t\t\t\t\t<\/div>\n\t\t<\/div>\n\t\t\t\t\t\t\t<\/div>\n\t\t<\/section>\n\t\t\t\t<section class=\"elementor-section elementor-inner-section elementor-element elementor-element-39ff22b elementor-section-boxed elementor-section-height-default elementor-section-height-default wpr-particle-no wpr-jarallax-no wpr-parallax-no wpr-sticky-section-no\" data-id=\"39ff22b\" data-element_type=\"section\" data-settings=\"{&quot;background_background&quot;:&quot;classic&quot;}\">\n\t\t\t\t\t\t\t<div class=\"elementor-background-overlay\"><\/div>\n\t\t\t\t\t\t\t<div class=\"elementor-container elementor-column-gap-default\">\n\t\t\t\t\t<div class=\"elementor-column elementor-col-100 elementor-inner-column elementor-element elementor-element-5d938ad\" data-id=\"5d938ad\" data-element_type=\"column\">\n\t\t\t<div class=\"elementor-widget-wrap elementor-element-populated\">\n\t\t\t\t\t\t\t\t<div class=\"elementor-element elementor-element-7d8ad18 elementor-widget elementor-widget-heading\" data-id=\"7d8ad18\" data-element_type=\"widget\" data-widget_type=\"heading.default\">\n\t\t\t\t<div class=\"elementor-widget-container\">\n\t\t\t<h3 class=\"elementor-heading-title elementor-size-default\">4.-Men\u00fa lateral<\/h3>\t\t<\/div>\n\t\t\t\t<\/div>\n\t\t\t\t<div class=\"elementor-element elementor-element-8e84d62 elementor-widget elementor-widget-heading\" data-id=\"8e84d62\" data-element_type=\"widget\" data-widget_type=\"heading.default\">\n\t\t\t\t<div class=\"elementor-widget-container\">\n\t\t\t<h3 class=\"elementor-heading-title elementor-size-default\">En este video ver\u00e1s como utilizar el men\u00fa lateral.<\/h3>\t\t<\/div>\n\t\t\t\t<\/div>\n\t\t\t\t<div class=\"elementor-element elementor-element-a62f4a4 elementor-aspect-ratio-169 elementor-widget elementor-widget-video\" data-id=\"a62f4a4\" data-element_type=\"widget\" data-settings=\"{&quot;video_type&quot;:&quot;vimeo&quot;,&quot;aspect_ratio&quot;:&quot;169&quot;}\" data-widget_type=\"video.default\">\n\t\t\t\t<div class=\"elementor-widget-container\">\n\t\t\t<style>\/*! elementor - v3.10.1 - 17-01-2023 *\/\n.elementor-widget-video .elementor-widget-container{overflow:hidden;transform:translateZ(0)}.elementor-widget-video .elementor-open-inline .elementor-custom-embed-image-overlay{position:absolute;top:0;left:0;width:100%;height:100%;background-size:cover;background-position:50%}.elementor-widget-video .elementor-custom-embed-image-overlay{cursor:pointer;text-align:center}.elementor-widget-video .elementor-custom-embed-image-overlay:hover .elementor-custom-embed-play i{opacity:1}.elementor-widget-video .elementor-custom-embed-image-overlay img{display:block;width:100%}.elementor-widget-video .e-hosted-video .elementor-video{-o-object-fit:cover;object-fit:cover}.e-con-inner>.elementor-widget-video,.e-con>.elementor-widget-video{width:var(--container-widget-width);--flex-grow:var(--container-widget-flex-grow)}<\/style>\t\t<div class=\"elementor-wrapper elementor-fit-aspect-ratio elementor-open-inline\">\n\t\t\t<iframe class=\"elementor-video-iframe\" allowfullscreen title=\"Reproductor de v\u00eddeo vimeo\" src=\"https:\/\/player.vimeo.com\/video\/723394319?color&amp;autopause=0&amp;loop=0&amp;muted=0&amp;title=1&amp;portrait=1&amp;byline=1&amp;h=c7c7e8375a#t=\"><\/iframe>\t\t<\/div>\n\t\t\t\t<\/div>\n\t\t\t\t<\/div>\n\t\t\t\t\t<\/div>\n\t\t<\/div>\n\t\t\t\t\t\t\t<\/div>\n\t\t<\/section>\n\t\t\t\t\t<\/div>\n\t\t<\/div>\n\t\t\t\t\t\t\t<\/div>\n\t\t<\/section>\n\t\t\t\t\t\t\t<\/div>\n\t\t","protected":false},"excerpt":{"rendered":"<p>Est\u00e1s en el centro de ayuda \u00bfC\u00f3mo podemos ayudarte? Temas Acceso a plataforma 1.-Ingresar al \u00e1rea personal 2.-Ingresar al Curso&nbsp;<a href=\"https:\/\/capacita.ulagos.cl\/ayuda\/index.php\/pagina5\/\">&hellip;<\/a><\/p>\n","protected":false},"author":1,"featured_media":0,"parent":0,"menu_order":0,"comment_status":"closed","ping_status":"closed","template":"template-fullwidth-no-container-no-title.php","meta":{"footnotes":""},"class_list":["post-183","page","type-page","status-publish","hentry","odd"],"_links":{"self":[{"href":"https:\/\/capacita.ulagos.cl\/ayuda\/index.php\/wp-json\/wp\/v2\/pages\/183","targetHints":{"allow":["GET"]}}],"collection":[{"href":"https:\/\/capacita.ulagos.cl\/ayuda\/index.php\/wp-json\/wp\/v2\/pages"}],"about":[{"href":"https:\/\/capacita.ulagos.cl\/ayuda\/index.php\/wp-json\/wp\/v2\/types\/page"}],"author":[{"embeddable":true,"href":"https:\/\/capacita.ulagos.cl\/ayuda\/index.php\/wp-json\/wp\/v2\/users\/1"}],"replies":[{"embeddable":true,"href":"https:\/\/capacita.ulagos.cl\/ayuda\/index.php\/wp-json\/wp\/v2\/comments?post=183"}],"version-history":[{"count":55,"href":"https:\/\/capacita.ulagos.cl\/ayuda\/index.php\/wp-json\/wp\/v2\/pages\/183\/revisions"}],"predecessor-version":[{"id":1306,"href":"https:\/\/capacita.ulagos.cl\/ayuda\/index.php\/wp-json\/wp\/v2\/pages\/183\/revisions\/1306"}],"wp:attachment":[{"href":"https:\/\/capacita.ulagos.cl\/ayuda\/index.php\/wp-json\/wp\/v2\/media?parent=183"}],"curies":[{"name":"wp","href":"https:\/\/api.w.org\/{rel}","templated":true}]}}