{"id":167,"date":"2022-06-30T14:31:17","date_gmt":"2022-06-30T14:31:17","guid":{"rendered":"https:\/\/capacita.ulagos.cl\/ayuda\/?page_id=167"},"modified":"2023-01-27T13:01:38","modified_gmt":"2023-01-27T13:01:38","slug":"pagina3","status":"publish","type":"page","link":"https:\/\/capacita.ulagos.cl\/ayuda\/index.php\/pagina3\/","title":{"rendered":"2.-Recuperar contrase\u00f1a"},"content":{"rendered":"\t\t<div data-elementor-type=\"wp-page\" data-elementor-id=\"167\" class=\"elementor elementor-167\">\n\t\t\t\t\t\t\t\t\t<section class=\"elementor-section elementor-top-section elementor-element elementor-element-81994b5 elementor-section-full_width elementor-section-height-min-height Header2do elementor-section-height-default elementor-section-items-middle wpr-particle-no wpr-jarallax-no wpr-parallax-no wpr-sticky-section-no\" data-id=\"81994b5\" data-element_type=\"section\">\n\t\t\t\t\t\t\t<div class=\"elementor-background-overlay\"><\/div>\n\t\t\t\t\t\t\t<div class=\"elementor-container elementor-column-gap-default\">\n\t\t\t\t\t<div class=\"elementor-column elementor-col-100 elementor-top-column elementor-element elementor-element-2d7ee1a\" data-id=\"2d7ee1a\" data-element_type=\"column\">\n\t\t\t<div class=\"elementor-widget-wrap elementor-element-populated\">\n\t\t\t\t\t\t\t\t<div class=\"elementor-element elementor-element-e2566d4 elementor-widget elementor-widget-heading\" data-id=\"e2566d4\" data-element_type=\"widget\" data-widget_type=\"heading.default\">\n\t\t\t\t<div class=\"elementor-widget-container\">\n\t\t\t<style>\/*! elementor - v3.10.1 - 17-01-2023 *\/\n.elementor-heading-title{padding:0;margin:0;line-height:1}.elementor-widget-heading .elementor-heading-title[class*=elementor-size-]>a{color:inherit;font-size:inherit;line-height:inherit}.elementor-widget-heading .elementor-heading-title.elementor-size-small{font-size:15px}.elementor-widget-heading .elementor-heading-title.elementor-size-medium{font-size:19px}.elementor-widget-heading .elementor-heading-title.elementor-size-large{font-size:29px}.elementor-widget-heading .elementor-heading-title.elementor-size-xl{font-size:39px}.elementor-widget-heading .elementor-heading-title.elementor-size-xxl{font-size:59px}<\/style><h2 class=\"elementor-heading-title elementor-size-default\">Est\u00e1s en el centro de ayuda<br>\n\u00bfC\u00f3mo podemos ayudarte?<\/h2>\t\t<\/div>\n\t\t\t\t<\/div>\n\t\t\t\t\t<\/div>\n\t\t<\/div>\n\t\t\t\t\t\t\t<\/div>\n\t\t<\/section>\n\t\t\t\t<section class=\"elementor-section elementor-top-section elementor-element elementor-element-2e19581 elementor-section-boxed elementor-section-height-default elementor-section-height-default wpr-particle-no wpr-jarallax-no wpr-parallax-no wpr-sticky-section-no\" data-id=\"2e19581\" data-element_type=\"section\">\n\t\t\t\t\t\t<div class=\"elementor-container elementor-column-gap-default\">\n\t\t\t\t\t<div class=\"elementor-column elementor-col-33 elementor-top-column elementor-element elementor-element-40eef50\" data-id=\"40eef50\" data-element_type=\"column\">\n\t\t\t<div class=\"elementor-widget-wrap elementor-element-populated\">\n\t\t\t\t\t\t\t\t<section class=\"elementor-section elementor-inner-section elementor-element elementor-element-46e456f elementor-section-boxed elementor-section-height-default elementor-section-height-default wpr-particle-no wpr-jarallax-no wpr-parallax-no wpr-sticky-section-no\" data-id=\"46e456f\" data-element_type=\"section\" data-settings=\"{&quot;background_background&quot;:&quot;classic&quot;}\">\n\t\t\t\t\t\t<div class=\"elementor-container elementor-column-gap-default\">\n\t\t\t\t\t<div class=\"elementor-column elementor-col-100 elementor-inner-column elementor-element elementor-element-7bc7cf9\" data-id=\"7bc7cf9\" data-element_type=\"column\">\n\t\t\t<div class=\"elementor-widget-wrap elementor-element-populated\">\n\t\t\t\t\t\t\t\t<div class=\"elementor-element elementor-element-b681643 elementor-widget elementor-widget-image\" data-id=\"b681643\" data-element_type=\"widget\" data-widget_type=\"image.default\">\n\t\t\t\t<div class=\"elementor-widget-container\">\n\t\t\t<style>\/*! elementor - v3.10.1 - 17-01-2023 *\/\n.elementor-widget-image{text-align:center}.elementor-widget-image a{display:inline-block}.elementor-widget-image a img[src$=\".svg\"]{width:48px}.elementor-widget-image img{vertical-align:middle;display:inline-block}<\/style>\t\t\t\t\t\t\t\t\t\t\t\t\t<a href=\"https:\/\/capacita.ulagos.cl\/ayuda\/\">\n\t\t\t\t\t\t\t<img loading=\"lazy\" decoding=\"async\" width=\"1024\" height=\"355\" src=\"https:\/\/capacita.ulagos.cl\/ayuda\/wp-content\/uploads\/2022\/08\/Centro-de-Ayuda-05-1024x355.png\" class=\"attachment-large size-large wp-image-1125\" alt=\"\" srcset=\"https:\/\/capacita.ulagos.cl\/ayuda\/wp-content\/uploads\/2022\/08\/Centro-de-Ayuda-05-1024x355.png 1024w, https:\/\/capacita.ulagos.cl\/ayuda\/wp-content\/uploads\/2022\/08\/Centro-de-Ayuda-05-300x104.png 300w, https:\/\/capacita.ulagos.cl\/ayuda\/wp-content\/uploads\/2022\/08\/Centro-de-Ayuda-05-420x146.png 420w, https:\/\/capacita.ulagos.cl\/ayuda\/wp-content\/uploads\/2022\/08\/Centro-de-Ayuda-05-540x187.png 540w, https:\/\/capacita.ulagos.cl\/ayuda\/wp-content\/uploads\/2022\/08\/Centro-de-Ayuda-05-780x271.png 780w, https:\/\/capacita.ulagos.cl\/ayuda\/wp-content\/uploads\/2022\/08\/Centro-de-Ayuda-05.png 1136w, https:\/\/capacita.ulagos.cl\/ayuda\/wp-content\/uploads\/2022\/08\/Centro-de-Ayuda-05-150x52.png 150w, https:\/\/capacita.ulagos.cl\/ayuda\/wp-content\/uploads\/2022\/08\/Centro-de-Ayuda-05-370x128.png 370w\" sizes=\"auto, (max-width: 1024px) 100vw, 1024px\" \/>\t\t\t\t\t\t\t\t<\/a>\n\t\t\t\t\t\t\t\t\t\t\t\t\t\t\t<\/div>\n\t\t\t\t<\/div>\n\t\t\t\t\t<\/div>\n\t\t<\/div>\n\t\t\t\t\t\t\t<\/div>\n\t\t<\/section>\n\t\t\t\t<section class=\"elementor-section elementor-inner-section elementor-element elementor-element-04e31ec elementor-section-boxed elementor-section-height-default elementor-section-height-default wpr-particle-no wpr-jarallax-no wpr-parallax-no wpr-sticky-section-no\" data-id=\"04e31ec\" data-element_type=\"section\" data-settings=\"{&quot;background_background&quot;:&quot;classic&quot;}\">\n\t\t\t\t\t\t<div class=\"elementor-container elementor-column-gap-default\">\n\t\t\t\t\t<div class=\"elementor-column elementor-col-100 elementor-inner-column elementor-element elementor-element-9f8cd71\" data-id=\"9f8cd71\" data-element_type=\"column\">\n\t\t\t<div class=\"elementor-widget-wrap elementor-element-populated\">\n\t\t\t\t\t\t\t\t<div class=\"elementor-element elementor-element-f4aef88 elementor-widget__width-initial elementor-widget elementor-widget-heading\" data-id=\"f4aef88\" data-element_type=\"widget\" data-widget_type=\"heading.default\">\n\t\t\t\t<div class=\"elementor-widget-container\">\n\t\t\t<h3 class=\"elementor-heading-title elementor-size-default\">Temas<\/h3>\t\t<\/div>\n\t\t\t\t<\/div>\n\t\t\t\t<div class=\"elementor-element elementor-element-c5070e5 elementor-widget elementor-widget-eael-adv-accordion\" data-id=\"c5070e5\" data-element_type=\"widget\" data-widget_type=\"eael-adv-accordion.default\">\n\t\t\t\t<div class=\"elementor-widget-container\">\n\t\t\t        <div class=\"eael-adv-accordion\" id=\"eael-adv-accordion-c5070e5\" data-accordion-id=\"c5070e5\" data-accordion-type=\"accordion\" data-toogle-speed=\"300\">\n    <div class=\"eael-accordion-list\">\n                <div id=\"acceso-a-plataforma\" class=\"elementor-tab-title eael-accordion-header active-default\" tabindex=\"2061\" data-tab=\"1\" role=\"tab\" aria-controls=\"elementor-tab-content-2061\"><span class=\"eael-accordion-tab-title\">Acceso a plataforma<\/span><i aria-hidden=\"true\" class=\"fa-toggle fas fa-chevron-down\"><\/i><\/div><div id=\"elementor-tab-content-2061\" class=\"eael-accordion-content clearfix active-default\" data-tab=\"1\" role=\"tabpanel\" aria-labelledby=\"acceso-a-plataforma\"><p><ul style=\"font-size: 14px; font-family: Open Sans; list-style: none; text-decoration: none;\">\n \t<li><a style=\"color: #0055b7;\" href=\"https:\/\/capacita.ulagos.cl\/ayuda\/index.php\/pagina1\/\">1.-Ingresar al \u00e1rea personal<\/a><\/li>\n \t<li><a style=\"color: #0055b7;\" href=\"https:\/\/capacita.ulagos.cl\/ayuda\/index.php\/pagina2\/\">2.-Ingresar al Curso<\/a><\/li>\n \t<li><a style=\"color: #0055b7;\" href=\"https:\/\/capacita.ulagos.cl\/ayuda\/index.php\/pagina3\/\">3.-Recuperar contrase\u00f1a<\/a><\/li>\n \t\n<\/ul><\/p><\/div>\n                <\/div><div class=\"eael-accordion-list\">\n                <div id=\"navegacin-en-tu-curso\" class=\"elementor-tab-title eael-accordion-header\" tabindex=\"2062\" data-tab=\"2\" role=\"tab\" aria-controls=\"elementor-tab-content-2062\"><span class=\"eael-accordion-tab-title\">Navegaci\u00f3n en tu curso<\/span><i aria-hidden=\"true\" class=\"fa-toggle fas fa-chevron-down\"><\/i><\/div><div id=\"elementor-tab-content-2062\" class=\"eael-accordion-content clearfix\" data-tab=\"2\" role=\"tabpanel\" aria-labelledby=\"navegacin-en-tu-curso\"><p><ul style=\"font-size: 14px; font-family: Open Sans; list-style: none; text-decoration: none;\">\n    <li><a style=\"color: #0055b7;\" href=\"https:\/\/capacita.ulagos.cl\/ayuda\/index.php\/pagina5\/\">5.-Men\u00fa lateral<\/a><\/li>\n    <li><a style=\"color: #0055b7;\" href=\"https:\/\/capacita.ulagos.cl\/ayuda\/index.php\/pagina6\/\">6.-Inicia aqu\u00ed tu aprendizaje<\/a><\/li>\n    <li><a style=\"color: #0055b7;\" href=\"https:\/\/capacita.ulagos.cl\/ayuda\/index.php\/pagina7\/\">7.-Restricciones de m\u00f3dulo<\/a><\/li>\n    <li><a style=\"color: #0055b7;\" href=\"https:\/\/capacita.ulagos.cl\/ayuda\/index.php\/pagina8\/\">8.-Actualizar perfil de usuario<\/a><\/li>\n    <li><a style=\"color: #0055b7;\" href=\"https:\/\/capacita.ulagos.cl\/ayuda\/index.php\/pagina9\/\">9.-Como cerrar sesi\u00f3n<\/a><\/li>\n<\/ul><\/p><\/div>\n                <\/div><\/div>\n        <!-- FAQ Schema : Starts-->\n                <!-- FAQ Schema : Ends-->\n\n        \t\t<\/div>\n\t\t\t\t<\/div>\n\t\t\t\t\t<\/div>\n\t\t<\/div>\n\t\t\t\t\t\t\t<\/div>\n\t\t<\/section>\n\t\t\t\t\t<\/div>\n\t\t<\/div>\n\t\t\t\t<div class=\"elementor-column elementor-col-66 elementor-top-column elementor-element elementor-element-2d9a81e\" data-id=\"2d9a81e\" data-element_type=\"column\">\n\t\t\t<div class=\"elementor-widget-wrap elementor-element-populated\">\n\t\t\t\t\t\t\t\t<section class=\"elementor-section elementor-inner-section elementor-element elementor-element-ec98d20 elementor-section-boxed elementor-section-height-default elementor-section-height-default wpr-particle-no wpr-jarallax-no wpr-parallax-no wpr-sticky-section-no\" data-id=\"ec98d20\" data-element_type=\"section\" data-settings=\"{&quot;background_background&quot;:&quot;classic&quot;}\">\n\t\t\t\t\t\t<div class=\"elementor-container elementor-column-gap-default\">\n\t\t\t\t\t<div class=\"elementor-column elementor-col-100 elementor-inner-column elementor-element elementor-element-47fcea1\" data-id=\"47fcea1\" data-element_type=\"column\">\n\t\t\t<div class=\"elementor-widget-wrap elementor-element-populated\">\n\t\t\t\t\t\t\t\t<div class=\"elementor-element elementor-element-5dd57a0 elementor-widget elementor-widget-text-editor\" data-id=\"5dd57a0\" data-element_type=\"widget\" data-widget_type=\"text-editor.default\">\n\t\t\t\t<div class=\"elementor-widget-container\">\n\t\t\t<style>\/*! elementor - v3.10.1 - 17-01-2023 *\/\n.elementor-widget-text-editor.elementor-drop-cap-view-stacked .elementor-drop-cap{background-color:#818a91;color:#fff}.elementor-widget-text-editor.elementor-drop-cap-view-framed .elementor-drop-cap{color:#818a91;border:3px solid;background-color:transparent}.elementor-widget-text-editor:not(.elementor-drop-cap-view-default) .elementor-drop-cap{margin-top:8px}.elementor-widget-text-editor:not(.elementor-drop-cap-view-default) .elementor-drop-cap-letter{width:1em;height:1em}.elementor-widget-text-editor .elementor-drop-cap{float:left;text-align:center;line-height:1;font-size:50px}.elementor-widget-text-editor .elementor-drop-cap-letter{display:inline-block}<\/style>\t\t\t\t<p style=\"text-align: justify;\">Bienvenido al centro de ayuda de la plataforma de Formaci\u00f3n Continua ULagos, ac\u00e1 podr\u00e1s encotrar una variedad de recursos para mejorar la navegaci\u00f3n en el programa que est\u00e1s cursando. Si necesitas m\u00e1s ayuda puedes contactarte con nosotros v\u00eda soporte.<\/p>\n\n\t\t\t\t\t\t<\/div>\n\t\t\t\t<\/div>\n\t\t\t\t\t<\/div>\n\t\t<\/div>\n\t\t\t\t\t\t\t<\/div>\n\t\t<\/section>\n\t\t\t\t<section class=\"elementor-section elementor-inner-section elementor-element elementor-element-9f9a5ad elementor-section-boxed elementor-section-height-default elementor-section-height-default wpr-particle-no wpr-jarallax-no wpr-parallax-no wpr-sticky-section-no\" data-id=\"9f9a5ad\" data-element_type=\"section\" data-settings=\"{&quot;background_background&quot;:&quot;classic&quot;}\">\n\t\t\t\t\t\t\t<div class=\"elementor-background-overlay\"><\/div>\n\t\t\t\t\t\t\t<div class=\"elementor-container elementor-column-gap-default\">\n\t\t\t\t\t<div class=\"elementor-column elementor-col-100 elementor-inner-column elementor-element elementor-element-c127557\" data-id=\"c127557\" data-element_type=\"column\">\n\t\t\t<div class=\"elementor-widget-wrap elementor-element-populated\">\n\t\t\t\t\t\t\t\t<div class=\"elementor-element elementor-element-b634ac8 elementor-widget elementor-widget-heading\" data-id=\"b634ac8\" data-element_type=\"widget\" data-widget_type=\"heading.default\">\n\t\t\t\t<div class=\"elementor-widget-container\">\n\t\t\t<h3 class=\"elementor-heading-title elementor-size-default\">3.-Recuperar contrase\u00f1a<\/h3>\t\t<\/div>\n\t\t\t\t<\/div>\n\t\t\t\t<div class=\"elementor-element elementor-element-b492e19 elementor-widget elementor-widget-heading\" data-id=\"b492e19\" data-element_type=\"widget\" data-widget_type=\"heading.default\">\n\t\t\t\t<div class=\"elementor-widget-container\">\n\t\t\t<h3 class=\"elementor-heading-title elementor-size-default\">En este video ver\u00e1s como recuperar tu contrase\u00f1a.<\/h3>\t\t<\/div>\n\t\t\t\t<\/div>\n\t\t\t\t<div class=\"elementor-element elementor-element-f9b141f elementor-aspect-ratio-169 elementor-widget elementor-widget-video\" data-id=\"f9b141f\" data-element_type=\"widget\" data-settings=\"{&quot;video_type&quot;:&quot;vimeo&quot;,&quot;aspect_ratio&quot;:&quot;169&quot;}\" data-widget_type=\"video.default\">\n\t\t\t\t<div class=\"elementor-widget-container\">\n\t\t\t<style>\/*! elementor - v3.10.1 - 17-01-2023 *\/\n.elementor-widget-video .elementor-widget-container{overflow:hidden;transform:translateZ(0)}.elementor-widget-video .elementor-open-inline .elementor-custom-embed-image-overlay{position:absolute;top:0;left:0;width:100%;height:100%;background-size:cover;background-position:50%}.elementor-widget-video .elementor-custom-embed-image-overlay{cursor:pointer;text-align:center}.elementor-widget-video .elementor-custom-embed-image-overlay:hover .elementor-custom-embed-play i{opacity:1}.elementor-widget-video .elementor-custom-embed-image-overlay img{display:block;width:100%}.elementor-widget-video .e-hosted-video .elementor-video{-o-object-fit:cover;object-fit:cover}.e-con-inner>.elementor-widget-video,.e-con>.elementor-widget-video{width:var(--container-widget-width);--flex-grow:var(--container-widget-flex-grow)}<\/style>\t\t<div class=\"elementor-wrapper elementor-fit-aspect-ratio elementor-open-inline\">\n\t\t\t<iframe class=\"elementor-video-iframe\" allowfullscreen title=\"Reproductor de v\u00eddeo vimeo\" src=\"https:\/\/player.vimeo.com\/video\/723382476?color&amp;autopause=0&amp;loop=0&amp;muted=0&amp;title=1&amp;portrait=1&amp;byline=1&amp;h=9b14bee1dd#t=\"><\/iframe>\t\t<\/div>\n\t\t\t\t<\/div>\n\t\t\t\t<\/div>\n\t\t\t\t\t<\/div>\n\t\t<\/div>\n\t\t\t\t\t\t\t<\/div>\n\t\t<\/section>\n\t\t\t\t\t<\/div>\n\t\t<\/div>\n\t\t\t\t\t\t\t<\/div>\n\t\t<\/section>\n\t\t\t\t\t\t\t<\/div>\n\t\t","protected":false},"excerpt":{"rendered":"<p>Est\u00e1s en el centro de ayuda \u00bfC\u00f3mo podemos ayudarte? Temas Acceso a plataforma 1.-Ingresar al \u00e1rea personal 2.-Ingresar al Curso&nbsp;<a href=\"https:\/\/capacita.ulagos.cl\/ayuda\/index.php\/pagina3\/\">&hellip;<\/a><\/p>\n","protected":false},"author":1,"featured_media":0,"parent":0,"menu_order":0,"comment_status":"closed","ping_status":"closed","template":"template-fullwidth-no-container-no-title.php","meta":{"footnotes":""},"class_list":["post-167","page","type-page","status-publish","hentry","odd"],"_links":{"self":[{"href":"https:\/\/capacita.ulagos.cl\/ayuda\/index.php\/wp-json\/wp\/v2\/pages\/167","targetHints":{"allow":["GET"]}}],"collection":[{"href":"https:\/\/capacita.ulagos.cl\/ayuda\/index.php\/wp-json\/wp\/v2\/pages"}],"about":[{"href":"https:\/\/capacita.ulagos.cl\/ayuda\/index.php\/wp-json\/wp\/v2\/types\/page"}],"author":[{"embeddable":true,"href":"https:\/\/capacita.ulagos.cl\/ayuda\/index.php\/wp-json\/wp\/v2\/users\/1"}],"replies":[{"embeddable":true,"href":"https:\/\/capacita.ulagos.cl\/ayuda\/index.php\/wp-json\/wp\/v2\/comments?post=167"}],"version-history":[{"count":49,"href":"https:\/\/capacita.ulagos.cl\/ayuda\/index.php\/wp-json\/wp\/v2\/pages\/167\/revisions"}],"predecessor-version":[{"id":1297,"href":"https:\/\/capacita.ulagos.cl\/ayuda\/index.php\/wp-json\/wp\/v2\/pages\/167\/revisions\/1297"}],"wp:attachment":[{"href":"https:\/\/capacita.ulagos.cl\/ayuda\/index.php\/wp-json\/wp\/v2\/media?parent=167"}],"curies":[{"name":"wp","href":"https:\/\/api.w.org\/{rel}","templated":true}]}}